{"id":3025,"date":"2024-05-22T13:52:07","date_gmt":"2024-05-22T11:52:07","guid":{"rendered":"https:\/\/swisspeddose.ch\/?page_id=3025"},"modified":"2025-10-28T11:49:00","modified_gmt":"2025-10-28T10:49:00","slug":"news","status":"publish","type":"page","link":"https:\/\/swisspeddose.ch\/it\/news\/","title":{"rendered":"News"},"content":{"rendered":"<p><strong><a href=\"https:\/\/patientensicherheit.ch\/it\/webinar-when-standard-dosing-fails\/\">Presentazione sul tema <em>When Standard Dosing Fails \u2013 Pediatric Insights, Broader Implications<\/em><\/a><br \/>\n<\/strong>18.09.2025<\/p>\n<ul>\n<li>Alla fine di febbraio 2025, l&#8217;Ufficio federale della sanit\u00e0 pubblica (UFSP) ha annunciato (cfr. <a href=\"https:\/\/www.news.admin.ch\/it\/nsb?id=104317\">comunicato stampa del 26 febbraio 2025<\/a>) che, per ragioni di risparmio, il sostegno finanziario alla banca dati nazionale di posologia pediatrica SwissPedDose (basata sull&#8217;articolo 67a della legge sugli agenti terapeutici) sar\u00e0 interrotto dopo otto anni, alla fine del 2025.<\/li>\n<li>L&#8217;associazione SwissPedDose (<a href=\"https:\/\/swisspeddose.ch\/it\/\">swisspeddose.ch<\/a>) rappresenta una piattaforma in cui le competenze degli esperti delle cliniche pediatriche di tutta la Svizzera vengono costantemente raccolte, confrontate con la letteratura scientifica pi\u00f9 aggiornata e armonizzate al fine di elaborare raccomandazioni di dosaggio standardizzate.<\/li>\n<li>Il consenso degli esperti e il processo di armonizzazione generano fiducia tra gli utenti, perch\u00e9 le raccomandazioni risultano valide in tutta la Svizzera e la loro origine \u00e8 trasparente.<\/li>\n<li>Oltre 700 raccomandazioni nazionali di dosaggio relative a 230 principi attivi destinati ai bambini sono consultabili gratuitamente da tutti gli operatori sanitari sul sito https:\/\/db.swisspeddose.ch fino alla fine del 2025.<\/li>\n<li>Come in passato, un file XML con l&#8217;attuale set di dati \u00e8 disponibile su richiesta presso SwissPedDose (o, a partire dal 2026, presso l\u2019UFSP).<\/li>\n<li>SwissPedDose intende continuare a mettere a disposizione di tutti gli operatori sanitari, anche a partire dal 2026, le raccomandazioni di dosaggio contenute nella banca dati (<a href=\"https:\/\/db.swisspeddose.ch\/fr\/enregistrement\/\">https:\/\/db.swisspeddose.ch\/fr\/<\/a>).<\/li>\n<li>Dal 2026, SwissPedDose gestir\u00e0 la propria banca dati, assicurandone l\u2019aggiornamento continuo uno sviluppo adeguato.<\/li>\n<li>Anche in futuro, questa banca dati potr\u00e0 offrire, come gi\u00e0 avviene oggi, un contributo essenziale alla sicurezza dell\u2019impiego dei medicinali nei bambini.<\/li>\n<li>SwissPedDose sta facendo tutto il possibile per garantire la continuit\u00e0 di questa iniziativa ed \u00e8 attualmente alla ricerca di nuove opportunit\u00e0 di finanziamento.<\/li>\n<\/ul>\n<p>13.05.2025<\/p>\n<p><strong><a href=\"https:\/\/www.youtube.com\/watch?v=7I6nmoiBhp8&amp;t=1050s\">Intervista con Prof. Christoph Berger sulla posologia pediatriche e SwissPedDose<\/a><br \/>\n<\/strong>07.03.2025<\/p>\n","protected":false},"excerpt":{"rendered":"<p>Presentazione sul tema When Standard Dosing Fails \u2013 Pediatric Insights, Broader Implications 18.09.2025 Alla fine di febbraio 2025, l&#8217;Ufficio federale della sanit\u00e0 pubblica (UFSP) ha annunciato (cfr. comunicato stampa del 26 febbraio 2025) che, per ragioni di risparmio, il sostegno finanziario alla banca dati nazionale di posologia pediatrica SwissPedDose (basata sull&#8217;articolo 67a della legge sugli [&hellip;]<\/p>\n","protected":false},"author":4,"featured_media":0,"parent":0,"menu_order":0,"comment_status":"closed","ping_status":"closed","template":"","meta":[],"acf":[],"_links":{"self":[{"href":"https:\/\/swisspeddose.ch\/it\/wp-json\/wp\/v2\/pages\/3025"}],"collection":[{"href":"https:\/\/swisspeddose.ch\/it\/wp-json\/wp\/v2\/pages"}],"about":[{"href":"https:\/\/swisspeddose.ch\/it\/wp-json\/wp\/v2\/types\/page"}],"author":[{"embeddable":true,"href":"https:\/\/swisspeddose.ch\/it\/wp-json\/wp\/v2\/users\/4"}],"replies":[{"embeddable":true,"href":"https:\/\/swisspeddose.ch\/it\/wp-json\/wp\/v2\/comments?post=3025"}],"version-history":[{"count":17,"href":"https:\/\/swisspeddose.ch\/it\/wp-json\/wp\/v2\/pages\/3025\/revisions"}],"predecessor-version":[{"id":3273,"href":"https:\/\/swisspeddose.ch\/it\/wp-json\/wp\/v2\/pages\/3025\/revisions\/3273"}],"wp:attachment":[{"href":"https:\/\/swisspeddose.ch\/it\/wp-json\/wp\/v2\/media?parent=3025"}],"curies":[{"name":"wp","href":"https:\/\/api.w.org\/{rel}","templated":true}]}}