{"id":363,"date":"2017-11-15T14:04:58","date_gmt":"2017-11-15T13:04:58","guid":{"rendered":"https:\/\/swisspeddose.ch\/?page_id=363"},"modified":"2022-06-01T23:15:00","modified_gmt":"2022-06-01T21:15:00","slug":"entites-responsables","status":"publish","type":"page","link":"https:\/\/swisspeddose.ch\/fr\/entites-responsables\/","title":{"rendered":"Entit\u00e9s responsables"},"content":{"rendered":"<table>\n<tbody>\n<tr>\n<td><img decoding=\"async\" loading=\"lazy\" class=\"alignnone\" src=\"https:\/\/swisspeddose.ch\/app\/uploads\/2022\/06\/paediatrie-schweiz.png\" alt=\"\" width=\"196\" height=\"77\" \/><\/td>\n<td><strong>p\u00e9diatrie suisse<\/strong><br \/>\n<a href=\"https:\/\/www.paediatrieschweiz.ch\/fr\/\">www.paediatrieschweiz.ch\/fr<\/a><\/td>\n<\/tr>\n<tr>\n<td><img decoding=\"async\" loading=\"lazy\" class=\"alignnone wp-image-1111\" src=\"https:\/\/swisspeddose.ch\/app\/uploads\/2018\/12\/gsasa_langesLogo-2-300x49.png\" alt=\"\" width=\"312\" height=\"51\" srcset=\"https:\/\/swisspeddose.ch\/app\/uploads\/2018\/12\/gsasa_langesLogo-2-300x49.png 300w, https:\/\/swisspeddose.ch\/app\/uploads\/2018\/12\/gsasa_langesLogo-2-768x126.png 768w, https:\/\/swisspeddose.ch\/app\/uploads\/2018\/12\/gsasa_langesLogo-2-1024x168.png 1024w, https:\/\/swisspeddose.ch\/app\/uploads\/2018\/12\/gsasa_langesLogo-2-470x77.png 470w, https:\/\/swisspeddose.ch\/app\/uploads\/2018\/12\/gsasa_langesLogo-2-285x47.png 285w, https:\/\/swisspeddose.ch\/app\/uploads\/2018\/12\/gsasa_langesLogo-2.png 1181w\" sizes=\"(max-width: 312px) 100vw, 312px\" \/><\/td>\n<td><strong>Association suisse des pharmaciens de l&#8217;administration et<br \/>\ndes h\u00f4pitaux (GSASA)<\/strong><br \/>\n<a href=\"http:\/\/www.gsasa.ch\">www.gsasa.ch<\/a><\/td>\n<\/tr>\n<tr>\n<td><img decoding=\"async\" loading=\"lazy\" class=\"alignnone\" src=\"https:\/\/swisspeddose.ch\/app\/uploads\/2017\/11\/chuv2.png\" alt=\"\" width=\"249\" height=\"52\" \/><\/td>\n<td><strong>Centre hospitalier universitaire vaudois<\/strong><br \/>\n<a href=\"http:\/\/www.chuv.ch\">www.chuv.ch<\/a><\/td>\n<\/tr>\n<tr>\n<td><img decoding=\"async\" loading=\"lazy\" class=\"alignnone\" src=\"https:\/\/swisspeddose.ch\/app\/uploads\/2017\/11\/HUG2.png\" alt=\"\" width=\"98\" height=\"82\" \/><\/td>\n<td><strong>H\u00f4pitaux Universitaires de Gen\u00e8ve<\/strong><br \/>\n<a href=\"http:\/\/www.hug-ge.ch\">www.hug-ge.ch<\/a><\/td>\n<\/tr>\n<tr>\n<td><img decoding=\"async\" loading=\"lazy\" class=\"alignnone\" src=\"https:\/\/swisspeddose.ch\/app\/uploads\/2017\/11\/insel2.png\" alt=\"\" width=\"164\" height=\"56\" \/><\/td>\n<td><strong>H\u00f4pital de l&#8217;Ille de Berne<\/strong><br \/>\n<a href=\"http:\/\/www.insel.ch\">www.insel.ch<\/a><\/td>\n<\/tr>\n<tr>\n<td><img decoding=\"async\" loading=\"lazy\" class=\"alignnone\" src=\"https:\/\/swisspeddose.ch\/app\/uploads\/2022\/06\/ksa-aarau.png\" alt=\"\" width=\"150\" height=\"51\" \/><\/td>\n<td><strong>H\u00f4pital cantonal d&#8217;Aarau<\/strong><br \/>\n<a href=\"http:\/\/www.ksa.ch\">www.ksa.ch<\/a><\/td>\n<\/tr>\n<tr>\n<td><img decoding=\"async\" loading=\"lazy\" class=\"alignnone\" src=\"https:\/\/swisspeddose.ch\/app\/uploads\/2017\/11\/luks.png\" alt=\"\" width=\"181\" height=\"43\" \/><\/td>\n<td><strong>H\u00f4pital cantonal de Lucerne <\/strong><br \/>\n<a href=\"http:\/\/www.luks.ch\">www.luks.ch<\/a><\/td>\n<\/tr>\n<tr>\n<td><img decoding=\"async\" loading=\"lazy\" class=\"alignnone wp-image-173\" src=\"https:\/\/swisspeddose.ch\/app\/uploads\/2017\/11\/Kispi_SG.png\" alt=\"\" width=\"159\" height=\"51\" \/><\/td>\n<td><strong>H\u00f4pital p\u00e9diatrique de Suisse orientale<br \/>\n<\/strong><strong>\u00e0 Saint-Gall <\/strong><br \/>\n<a href=\"http:\/\/www.luks.ch\">www.kispisg.ch<\/a><\/td>\n<\/tr>\n<tr>\n<td><img decoding=\"async\" loading=\"lazy\" class=\"alignnone wp-image-178\" src=\"https:\/\/swisspeddose.ch\/app\/uploads\/2017\/11\/ukbb.gif\" alt=\"\" width=\"117\" height=\"68\" \/><\/td>\n<td><strong>H\u00f4pital p\u00e9diatrique universitaire des deux B\u00e2le<\/strong><br \/>\n<a href=\"http:\/\/www.luks.ch\">www.ukbb.ch<\/a><\/td>\n<\/tr>\n<tr>\n<td><img decoding=\"async\" loading=\"lazy\" class=\"alignnone wp-image-174\" src=\"https:\/\/swisspeddose.ch\/app\/uploads\/2017\/11\/Kispi_ZH.jpg\" alt=\"\" width=\"156\" height=\"92\" srcset=\"https:\/\/swisspeddose.ch\/app\/uploads\/2017\/11\/Kispi_ZH.jpg 1017w, https:\/\/swisspeddose.ch\/app\/uploads\/2017\/11\/Kispi_ZH-300x177.jpg 300w, https:\/\/swisspeddose.ch\/app\/uploads\/2017\/11\/Kispi_ZH-768x453.jpg 768w, https:\/\/swisspeddose.ch\/app\/uploads\/2017\/11\/Kispi_ZH-470x277.jpg 470w, https:\/\/swisspeddose.ch\/app\/uploads\/2017\/11\/Kispi_ZH-285x168.jpg 285w\" sizes=\"(max-width: 156px) 100vw, 156px\" \/><\/td>\n<td><strong>H\u00f4pital universitaire p\u00e9diatrique de Zurich <\/strong><br \/>\n<a href=\"http:\/\/www.kispi.uzh.ch\">www.kispi.uzh.ch<\/a><\/td>\n<\/tr>\n<tr>\n<td><img decoding=\"async\" loading=\"lazy\" class=\"alignnone wp-image-2393\" src=\"https:\/\/swisspeddose.ch\/app\/uploads\/2022\/06\/SGN.png\" alt=\"\" width=\"186\" height=\"55\" srcset=\"https:\/\/swisspeddose.ch\/app\/uploads\/2022\/06\/SGN.png 390w, https:\/\/swisspeddose.ch\/app\/uploads\/2022\/06\/SGN-300x88.png 300w, https:\/\/swisspeddose.ch\/app\/uploads\/2022\/06\/SGN-285x84.png 285w\" sizes=\"(max-width: 186px) 100vw, 186px\" \/><\/td>\n<td><strong>Swiss Society of Neonatology<\/strong><br \/>\n<a href=\"https:\/\/www.neonet.ch\">www.neonet.ch<\/a><\/td>\n<\/tr>\n<\/tbody>\n<\/table>\n","protected":false},"excerpt":{"rendered":"<p>p\u00e9diatrie suisse www.paediatrieschweiz.ch\/fr Association suisse des pharmaciens de l&#8217;administration et des h\u00f4pitaux (GSASA) www.gsasa.ch Centre hospitalier universitaire vaudois www.chuv.ch H\u00f4pitaux Universitaires de Gen\u00e8ve www.hug-ge.ch H\u00f4pital de l&#8217;Ille de Berne www.insel.ch H\u00f4pital cantonal d&#8217;Aarau www.ksa.ch H\u00f4pital cantonal de Lucerne www.luks.ch H\u00f4pital p\u00e9diatrique de Suisse orientale \u00e0 Saint-Gall www.kispisg.ch H\u00f4pital p\u00e9diatrique universitaire des deux B\u00e2le www.ukbb.ch H\u00f4pital [&hellip;]<\/p>\n","protected":false},"author":1,"featured_media":0,"parent":0,"menu_order":0,"comment_status":"closed","ping_status":"closed","template":"","meta":[],"acf":[],"_links":{"self":[{"href":"https:\/\/swisspeddose.ch\/fr\/wp-json\/wp\/v2\/pages\/363"}],"collection":[{"href":"https:\/\/swisspeddose.ch\/fr\/wp-json\/wp\/v2\/pages"}],"about":[{"href":"https:\/\/swisspeddose.ch\/fr\/wp-json\/wp\/v2\/types\/page"}],"author":[{"embeddable":true,"href":"https:\/\/swisspeddose.ch\/fr\/wp-json\/wp\/v2\/users\/1"}],"replies":[{"embeddable":true,"href":"https:\/\/swisspeddose.ch\/fr\/wp-json\/wp\/v2\/comments?post=363"}],"version-history":[{"count":17,"href":"https:\/\/swisspeddose.ch\/fr\/wp-json\/wp\/v2\/pages\/363\/revisions"}],"predecessor-version":[{"id":2412,"href":"https:\/\/swisspeddose.ch\/fr\/wp-json\/wp\/v2\/pages\/363\/revisions\/2412"}],"wp:attachment":[{"href":"https:\/\/swisspeddose.ch\/fr\/wp-json\/wp\/v2\/media?parent=363"}],"curies":[{"name":"wp","href":"https:\/\/api.w.org\/{rel}","templated":true}]}}