{"id":357,"date":"2017-11-15T14:04:12","date_gmt":"2017-11-15T13:04:12","guid":{"rendered":"https:\/\/swisspeddose.ch\/?page_id=357"},"modified":"2025-12-16T07:48:07","modified_gmt":"2025-12-16T06:48:07","slug":"processus-dharmonisation","status":"publish","type":"page","link":"https:\/\/swisspeddose.ch\/fr\/processus-dharmonisation\/","title":{"rendered":"Processus d&#8217;harmonisation"},"content":{"rendered":"<p>Les expertes et experts en donn\u00e9es (pharmaciennes et pharmaciens hospitaliers des cliniques p\u00e9diatriques) envoient aux sp\u00e9cialistes (femmes et hommes) en harmonisation (pharmaciennes et pharmaciens engag\u00e9s par SwissPedDose) les recommandations posologiques de leurs cliniques. Sur cette base et \u00e0 l\u2019aide d\u2019une recherche documentaire syst\u00e9matique, les sp\u00e9cialistes (femmes et hommes) en harmonisation pr\u00e9parent une proposition posologique \u00e0 l\u2019intention des expertes et experts en harmonisation (m\u00e9decins (femmes et hommes) des sp\u00e9cialit\u00e9s respectives). Le diagramme ci-dessous montre le processus. Lors de l&#8217;harmonisation dans les groupes d&#8217;expertes et experts temporaires, ce processus peut l\u00e9g\u00e8rement d\u00e9vier.<\/p>\n<p><img decoding=\"async\" loading=\"lazy\" class=\"alignnone wp-image-2736 size-full\" src=\"https:\/\/swisspeddose.ch\/app\/uploads\/2023\/04\/05SPD-Harmonisierungsprozess_FR.png\" alt=\"\" width=\"7017\" height=\"4961\" srcset=\"https:\/\/swisspeddose.ch\/app\/uploads\/2023\/04\/05SPD-Harmonisierungsprozess_FR.png 7017w, https:\/\/swisspeddose.ch\/app\/uploads\/2023\/04\/05SPD-Harmonisierungsprozess_FR-300x212.png 300w, https:\/\/swisspeddose.ch\/app\/uploads\/2023\/04\/05SPD-Harmonisierungsprozess_FR-1024x724.png 1024w, https:\/\/swisspeddose.ch\/app\/uploads\/2023\/04\/05SPD-Harmonisierungsprozess_FR-768x543.png 768w, https:\/\/swisspeddose.ch\/app\/uploads\/2023\/04\/05SPD-Harmonisierungsprozess_FR-1536x1086.png 1536w, https:\/\/swisspeddose.ch\/app\/uploads\/2023\/04\/05SPD-Harmonisierungsprozess_FR-2048x1448.png 2048w, https:\/\/swisspeddose.ch\/app\/uploads\/2023\/04\/05SPD-Harmonisierungsprozess_FR-470x332.png 470w, https:\/\/swisspeddose.ch\/app\/uploads\/2023\/04\/05SPD-Harmonisierungsprozess_FR-1295x916.png 1295w, https:\/\/swisspeddose.ch\/app\/uploads\/2023\/04\/05SPD-Harmonisierungsprozess_FR-285x201.png 285w\" sizes=\"(max-width: 7017px) 100vw, 7017px\" \/><\/p>\n<p>&nbsp;<\/p>\n<p>&nbsp;<\/p>\n","protected":false},"excerpt":{"rendered":"<p>Les expertes et experts en donn\u00e9es (pharmaciennes et pharmaciens hospitaliers des cliniques p\u00e9diatriques) envoient aux sp\u00e9cialistes (femmes et hommes) en harmonisation (pharmaciennes et pharmaciens engag\u00e9s par SwissPedDose) les recommandations posologiques de leurs cliniques. Sur cette base et \u00e0 l\u2019aide d\u2019une recherche documentaire syst\u00e9matique, les sp\u00e9cialistes (femmes et hommes) en harmonisation pr\u00e9parent une proposition posologique \u00e0 [&hellip;]<\/p>\n","protected":false},"author":1,"featured_media":0,"parent":0,"menu_order":3,"comment_status":"closed","ping_status":"closed","template":"","meta":[],"acf":[],"_links":{"self":[{"href":"https:\/\/swisspeddose.ch\/fr\/wp-json\/wp\/v2\/pages\/357"}],"collection":[{"href":"https:\/\/swisspeddose.ch\/fr\/wp-json\/wp\/v2\/pages"}],"about":[{"href":"https:\/\/swisspeddose.ch\/fr\/wp-json\/wp\/v2\/types\/page"}],"author":[{"embeddable":true,"href":"https:\/\/swisspeddose.ch\/fr\/wp-json\/wp\/v2\/users\/1"}],"replies":[{"embeddable":true,"href":"https:\/\/swisspeddose.ch\/fr\/wp-json\/wp\/v2\/comments?post=357"}],"version-history":[{"count":30,"href":"https:\/\/swisspeddose.ch\/fr\/wp-json\/wp\/v2\/pages\/357\/revisions"}],"predecessor-version":[{"id":3315,"href":"https:\/\/swisspeddose.ch\/fr\/wp-json\/wp\/v2\/pages\/357\/revisions\/3315"}],"wp:attachment":[{"href":"https:\/\/swisspeddose.ch\/fr\/wp-json\/wp\/v2\/media?parent=357"}],"curies":[{"name":"wp","href":"https:\/\/api.w.org\/{rel}","templated":true}]}}