{"id":353,"date":"2017-11-15T14:03:46","date_gmt":"2017-11-15T13:03:46","guid":{"rendered":"https:\/\/swisspeddose.ch\/?page_id=353"},"modified":"2025-12-16T07:46:32","modified_gmt":"2025-12-16T06:46:32","slug":"mandat","status":"publish","type":"page","link":"https:\/\/swisspeddose.ch\/fr\/mandat\/","title":{"rendered":"Contexte"},"content":{"rendered":"<div class=\"entry-content\">\n<p>La th\u00e9rapie m\u00e9dicamenteuse chez les enfants est probl\u00e9matique. Il n\u2019y a pas assez de m\u00e9dicaments d\u00e9velopp\u00e9s ou adapt\u00e9s aux enfants. Les \u00e9tudes cliniques sur les enfants sont complexes et rarement r\u00e9alis\u00e9es. Des donn\u00e9es fiables sur la consommation de m\u00e9dicaments en p\u00e9diatrie en Suisse et \u00e0 l\u2019\u00e9tranger ne sont donc que partiellement disponibles. En m\u00eame temps, il existe un besoin urgent de th\u00e9rapie m\u00e9dicamenteuse chez les enfants. Dans le traitement quotidien des enfants, cela se traduit souvent par l\u2019utilisation de m\u00e9dicaments qui ne sont approuv\u00e9s que pour les adultes (appel\u00e9s \u00aboff-label use\u00bb) ou qui ne sont pas (encore) autoris\u00e9s du tout (\u00abunlicensed use\u00bb).<\/p>\n<p>La situation comporte le risque que les m\u00e9dicaments soient utilis\u00e9s \u00e0 des doses trop faibles (efficacit\u00e9 insuffisante) ou trop fortes (toxicit\u00e9) chez les enfants. Les erreurs de m\u00e9dication sont donc plus fr\u00e9quentes chez les enfants que chez les adultes. En plus de l\u2019application difficile en raison d\u2019un manque de formes gal\u00e9niques appropri\u00e9es, les probl\u00e8mes de m\u00e9dication sont souvent dus \u00e0 des erreurs de prescription en raison d\u2019un manque d\u2019information sur l\u2019application correcte. Il n\u2019existe pas de posologie uniforme recommand\u00e9e. Cette situation n\u2019est pas satisfaisante et il existe un large consensus \u2013 notamment chez les p\u00e9diatres, hommes et femmes \u2013 sur la n\u00e9cessit\u00e9 d\u2019am\u00e9liorer la s\u00e9curit\u00e9 des m\u00e9dicaments chez les enfants.<\/p>\n<\/div>\n","protected":false},"excerpt":{"rendered":"<p>La th\u00e9rapie m\u00e9dicamenteuse chez les enfants est probl\u00e9matique. Il n\u2019y a pas assez de m\u00e9dicaments d\u00e9velopp\u00e9s ou adapt\u00e9s aux enfants. Les \u00e9tudes cliniques sur les enfants sont complexes et rarement r\u00e9alis\u00e9es. Des donn\u00e9es fiables sur la consommation de m\u00e9dicaments en p\u00e9diatrie en Suisse et \u00e0 l\u2019\u00e9tranger ne sont donc que partiellement disponibles. En m\u00eame temps, [&hellip;]<\/p>\n","protected":false},"author":1,"featured_media":0,"parent":0,"menu_order":2,"comment_status":"closed","ping_status":"closed","template":"","meta":[],"acf":[],"_links":{"self":[{"href":"https:\/\/swisspeddose.ch\/fr\/wp-json\/wp\/v2\/pages\/353"}],"collection":[{"href":"https:\/\/swisspeddose.ch\/fr\/wp-json\/wp\/v2\/pages"}],"about":[{"href":"https:\/\/swisspeddose.ch\/fr\/wp-json\/wp\/v2\/types\/page"}],"author":[{"embeddable":true,"href":"https:\/\/swisspeddose.ch\/fr\/wp-json\/wp\/v2\/users\/1"}],"replies":[{"embeddable":true,"href":"https:\/\/swisspeddose.ch\/fr\/wp-json\/wp\/v2\/comments?post=353"}],"version-history":[{"count":17,"href":"https:\/\/swisspeddose.ch\/fr\/wp-json\/wp\/v2\/pages\/353\/revisions"}],"predecessor-version":[{"id":3314,"href":"https:\/\/swisspeddose.ch\/fr\/wp-json\/wp\/v2\/pages\/353\/revisions\/3314"}],"wp:attachment":[{"href":"https:\/\/swisspeddose.ch\/fr\/wp-json\/wp\/v2\/media?parent=353"}],"curies":[{"name":"wp","href":"https:\/\/api.w.org\/{rel}","templated":true}]}}