{"id":3043,"date":"2024-05-22T13:53:22","date_gmt":"2024-05-22T11:53:22","guid":{"rendered":"https:\/\/swisspeddose.ch\/?page_id=3043"},"modified":"2025-10-28T10:55:44","modified_gmt":"2025-10-28T09:55:44","slug":"news","status":"publish","type":"page","link":"https:\/\/swisspeddose.ch\/fr\/news\/","title":{"rendered":"News"},"content":{"rendered":"<p><strong><a href=\"https:\/\/patientensicherheit.ch\/fr\/webinaire-when-standard-dosing-fails\/\">Pr\u00e9sentation sur le th\u00e8me <em>When Standard Dosing Fails \u2013 Pediatric Insights, Broader Implications<\/em><\/a><br \/>\n<\/strong>18.09.2025<\/p>\n<ul>\n<li>L&#8217;Office f\u00e9d\u00e9ral de la sant\u00e9 publique (OFSP) a communiqu\u00e9 fin f\u00e9vrier 2025 (voir <a href=\"https:\/\/www.news.admin.ch\/fr\/nsb?id=104317\">communiqu\u00e9 de presse du 26 f\u00e9vrier 2025<\/a>) que le soutien financier de la base de donn\u00e9es de posologie p\u00e9diatrique SwissPedDose (bas\u00e9e sur l&#8217;article 67a de la loi sur les produits th\u00e9rapeutiques) devait \u00eatre interrompu fin 2025 pour des raisons d&#8217;\u00e9conomie apr\u00e8s huit ans.<\/li>\n<li>L&#8217;association SwissPedDose (<a href=\"https:\/\/swisspeddose.ch\/fr\/\">swisspeddose.ch<\/a>) constitue un forum au sein duquel les connaissances des experts des cliniques p\u00e9diatriques de toute la Suisse sont continuellement r\u00e9unies, compar\u00e9es \u00e0 la litt\u00e9rature scientifique actuelle et harmonis\u00e9es en recommandations posologiques uniformes.<\/li>\n<li>Le consensus des experts et l&#8217;harmonisation entra\u00eenent une confiance de la part des utilisateurs, car les m\u00eames recommandations s&#8217;appliquent dans toute la Suisse et leur origine est transparente.<\/li>\n<li>Les plus de 700 recommandations posologiques nationales actuelles concernant 230 substances actives pour les enfants peuvent \u00eatre consult\u00e9es gratuitement par tous les professionnels de la sant\u00e9 \u00e0 tout moment jusqu&#8217;\u00e0 la fin 2025 sur https:\/\/db.swisspeddose.ch\/fr\/.<\/li>\n<li>Un fichier XML contenant l&#8217;ensemble des donn\u00e9es actuelles est disponible sur demande aupr\u00e8s de SwissPedDose (ou sur demande aupr\u00e8s de l&#8217;OFSP pour la situation fin 2025).<\/li>\n<li>Gr\u00e2ce \u00e0 SwissPedDose, les recommandations posologiques issues de la base de donn\u00e9es (<a href=\"https:\/\/db.swisspeddose.ch\/fr\/enregistrement\/\">https:\/\/db.swisspeddose.ch\/fr\/<\/a>) continueront d&#8217;\u00eatre disponibles pour tous les professionnels de la sant\u00e9 \u00e0 partir de 2026.<\/li>\n<li>SwissPedDose exploitera sa propre base de donn\u00e9es \u00e0 partir de 2026, la maintiendra \u00e0 jour et la d\u00e9veloppera au minimum.<\/li>\n<li>Cette base de donn\u00e9es contenant les recommandations posologiques pourrait, comme c&#8217;est d\u00e9j\u00e0 le cas aujourd&#8217;hui, apporter \u00e0 l&#8217;avenir une contribution essentielle \u00e0 la s\u00e9curit\u00e9 des m\u00e9dicaments chez les enfants.<\/li>\n<li>SwissPedDose met tout en \u0153uvre pour que cela puisse se faire et recherche et examine des possibilit\u00e9s de financement.<\/li>\n<\/ul>\n<p>13.05.2025<\/p>\n<p><strong><a href=\"https:\/\/www.youtube.com\/watch?v=7I6nmoiBhp8&amp;t=1050s\">Interview avec le Pr Christoph Berger sur les posologies p\u00e9diatriques et SwissPedDose<\/a><br \/>\n<\/strong>07.03.2025<\/p>\n","protected":false},"excerpt":{"rendered":"<p>Pr\u00e9sentation sur le th\u00e8me When Standard Dosing Fails \u2013 Pediatric Insights, Broader Implications 18.09.2025 L&#8217;Office f\u00e9d\u00e9ral de la sant\u00e9 publique (OFSP) a communiqu\u00e9 fin f\u00e9vrier 2025 (voir communiqu\u00e9 de presse du 26 f\u00e9vrier 2025) que le soutien financier de la base de donn\u00e9es de posologie p\u00e9diatrique SwissPedDose (bas\u00e9e sur l&#8217;article 67a de la loi sur [&hellip;]<\/p>\n","protected":false},"author":4,"featured_media":0,"parent":0,"menu_order":0,"comment_status":"closed","ping_status":"closed","template":"","meta":[],"acf":[],"_links":{"self":[{"href":"https:\/\/swisspeddose.ch\/fr\/wp-json\/wp\/v2\/pages\/3043"}],"collection":[{"href":"https:\/\/swisspeddose.ch\/fr\/wp-json\/wp\/v2\/pages"}],"about":[{"href":"https:\/\/swisspeddose.ch\/fr\/wp-json\/wp\/v2\/types\/page"}],"author":[{"embeddable":true,"href":"https:\/\/swisspeddose.ch\/fr\/wp-json\/wp\/v2\/users\/4"}],"replies":[{"embeddable":true,"href":"https:\/\/swisspeddose.ch\/fr\/wp-json\/wp\/v2\/comments?post=3043"}],"version-history":[{"count":12,"href":"https:\/\/swisspeddose.ch\/fr\/wp-json\/wp\/v2\/pages\/3043\/revisions"}],"predecessor-version":[{"id":3154,"href":"https:\/\/swisspeddose.ch\/fr\/wp-json\/wp\/v2\/pages\/3043\/revisions\/3154"}],"wp:attachment":[{"href":"https:\/\/swisspeddose.ch\/fr\/wp-json\/wp\/v2\/media?parent=3043"}],"curies":[{"name":"wp","href":"https:\/\/api.w.org\/{rel}","templated":true}]}}