{"id":144,"date":"2017-11-13T12:39:24","date_gmt":"2017-11-13T12:39:24","guid":{"rendered":"https:\/\/swisspeddose.ch\/?page_id=144"},"modified":"2025-12-16T07:43:39","modified_gmt":"2025-12-16T06:43:39","slug":"home","status":"publish","type":"page","link":"https:\/\/swisspeddose.ch\/fr\/","title":{"rendered":"Page d&#8217;accueil"},"content":{"rendered":"<p class=\"emphased\">SwissPedDose a pour objectif d&#8217;am\u00e9liorer la s\u00e9curit\u00e9 de l&#8217;utilisation des m\u00e9dicaments chez les enfants et les nouveau-n\u00e9s. Les professionnels de la sant\u00e9 dans le secteur p\u00e9diatrique ont acc\u00e8s \u00e0 des recommandations de dosage qui ont \u00e9t\u00e9 d\u00e9velopp\u00e9es dans le cadre d\u2019un processus d\u2019harmonisation standardis\u00e9 en Suisse.<\/p>\n<div class=\"row-columns\">\n<div class=\"column-md-4\">\n<div class=\"teaser-box brand-color-1\">\n<h2>Association<\/h2>\n<p>L&#8217;association SwissPedDose a \u00e9t\u00e9 fond\u00e9e par les huit plus grands h\u00f4pitaux p\u00e9diatriques de Suisse (cliniques A), la GSASA et p\u00e9diatrie suisse afin de g\u00e9rer conjointement une base de donn\u00e9es p\u00e9diatrique.<br \/>\n<a href=\"\/fr\/association\"><strong>Plus &#8230;<\/strong><\/a><\/p>\n<\/div>\n<\/div>\n<div class=\"column-md-4\">\n<div class=\"teaser-box brand-color-2\">\n<h2>Context<\/h2>\n<p>La th\u00e9rapie m\u00e9dicamenteuse chez les enfants est probl\u00e9matique. Il n\u2019y a pas assez de m\u00e9dicaments d\u00e9velopp\u00e9s ou adapt\u00e9s aux enfants. Les \u00e9tudes cliniques sur les enfants sont complexes et rarement r\u00e9alis\u00e9es. Des donn\u00e9es fiables sur la consommation de m\u00e9dicaments en p\u00e9diatrie en Suisse et \u00e0 l\u2019\u00e9tranger ne sont donc que partiellement disponibles.<br \/>\n<a href=\"\/fr\/mandat\"><strong>Plus &#8230;<\/strong><\/a><\/p>\n<\/div>\n<\/div>\n<div class=\"column-md-4\">\n<div class=\"teaser-box brand-color-3\">\n<h2>Processus d&#8217;harmonisation<\/h2>\n<p>Le processus d\u2019harmonisation du dosage est standardis\u00e9. Les cliniques p\u00e9diatriques du Coll\u00e8ge A en Suisse sont des acteurs cl\u00e9s dans ce processus. Elles fournissent les donn\u00e9es de base \u00e9valuent et d\u00e9cident ensemble des recommandations de dosage.<br \/>\n<a href=\"\/fr\/processus-dharmonisation\"><strong>Plus &#8230;<\/strong><\/a><\/p>\n<\/div>\n<\/div>\n<\/div>\n<hr \/>\n<p><span style=\"color: #808080;\">SwissPedDose est une association de:<\/span><\/p>\n<p><a href=\"https:\/\/www.paediatrieschweiz.ch\"><img decoding=\"async\" loading=\"lazy\" class=\"alignnone wp-image-2402\" src=\"https:\/\/swisspeddose.ch\/app\/uploads\/2022\/06\/paediatrie-schweiz.png\" alt=\"\" width=\"134\" height=\"53\" \/><\/a> <a href=\"https:\/\/www.gsasa.ch\/de\/home\/?oid=55&amp;lang=de\"><img decoding=\"async\" loading=\"lazy\" class=\"alignnone wp-image-1083\" src=\"https:\/\/swisspeddose.ch\/app\/uploads\/2018\/12\/Gsasa_Logo_nurAbk\u00fcrzung_schwarz.jpg\" alt=\"\" width=\"67\" height=\"56\" \/><\/a><a href=\"https:\/\/www.chuv.ch\/fr\/chuv-home\/\"><img decoding=\"async\" loading=\"lazy\" class=\"alignnone wp-image-1084\" src=\"https:\/\/swisspeddose.ch\/app\/uploads\/2018\/12\/Universit\u00e4tsspital_Lausanne_CHUV_logo-300x155.png\" alt=\"\" width=\"83\" height=\"43\" srcset=\"https:\/\/swisspeddose.ch\/app\/uploads\/2018\/12\/Universit\u00e4tsspital_Lausanne_CHUV_logo-300x155.png 300w, https:\/\/swisspeddose.ch\/app\/uploads\/2018\/12\/Universit\u00e4tsspital_Lausanne_CHUV_logo-768x397.png 768w, https:\/\/swisspeddose.ch\/app\/uploads\/2018\/12\/Universit\u00e4tsspital_Lausanne_CHUV_logo-1024x530.png 1024w, https:\/\/swisspeddose.ch\/app\/uploads\/2018\/12\/Universit\u00e4tsspital_Lausanne_CHUV_logo-470x243.png 470w, https:\/\/swisspeddose.ch\/app\/uploads\/2018\/12\/Universit\u00e4tsspital_Lausanne_CHUV_logo-285x147.png 285w, https:\/\/swisspeddose.ch\/app\/uploads\/2018\/12\/Universit\u00e4tsspital_Lausanne_CHUV_logo.png 1200w\" sizes=\"(max-width: 83px) 100vw, 83px\" \/><\/a><a href=\"https:\/\/www.hug-ge.ch\/\"><img decoding=\"async\" loading=\"lazy\" class=\"alignnone wp-image-172\" src=\"https:\/\/swisspeddose.ch\/app\/uploads\/2017\/11\/HUG2.png\" alt=\"\" width=\"54\" height=\"45\" \/><\/a><a href=\"https:\/\/www.insel.ch\/\"><img decoding=\"async\" loading=\"lazy\" class=\"alignnone wp-image-194\" src=\"https:\/\/swisspeddose.ch\/app\/uploads\/2017\/11\/insel2-300x102.png\" alt=\"\" width=\"129\" height=\"44\" srcset=\"https:\/\/swisspeddose.ch\/app\/uploads\/2017\/11\/insel2-300x102.png 300w, https:\/\/swisspeddose.ch\/app\/uploads\/2017\/11\/insel2-285x97.png 285w, https:\/\/swisspeddose.ch\/app\/uploads\/2017\/11\/insel2.png 328w\" sizes=\"(max-width: 129px) 100vw, 129px\" \/><\/a><a href=\"https:\/\/www.ukbb.ch\/\"><img decoding=\"async\" loading=\"lazy\" class=\"alignnone wp-image-1090\" src=\"https:\/\/swisspeddose.ch\/app\/uploads\/2018\/12\/UKBB_kleinesLogo-300x98.jpg\" alt=\"\" width=\"98\" height=\"32\" srcset=\"https:\/\/swisspeddose.ch\/app\/uploads\/2018\/12\/UKBB_kleinesLogo-300x98.jpg 300w, https:\/\/swisspeddose.ch\/app\/uploads\/2018\/12\/UKBB_kleinesLogo-285x93.jpg 285w, https:\/\/swisspeddose.ch\/app\/uploads\/2018\/12\/UKBB_kleinesLogo.jpg 393w\" sizes=\"(max-width: 98px) 100vw, 98px\" \/><\/a><a href=\"https:\/\/www.ksa.ch\/\"><img decoding=\"async\" loading=\"lazy\" class=\"alignnone wp-image-2387\" src=\"https:\/\/swisspeddose.ch\/app\/uploads\/2022\/06\/ksa-aarau.png\" alt=\"\" width=\"118\" height=\"40\" srcset=\"https:\/\/swisspeddose.ch\/app\/uploads\/2022\/06\/ksa-aarau.png 339w, https:\/\/swisspeddose.ch\/app\/uploads\/2022\/06\/ksa-aarau-300x102.png 300w, https:\/\/swisspeddose.ch\/app\/uploads\/2022\/06\/ksa-aarau-285x97.png 285w\" sizes=\"(max-width: 118px) 100vw, 118px\" \/><\/a><a href=\"https:\/\/www.luks.ch\/\"><img decoding=\"async\" loading=\"lazy\" class=\"alignnone wp-image-175\" src=\"https:\/\/swisspeddose.ch\/app\/uploads\/2017\/11\/luks-300x72.png\" alt=\"\" width=\"142\" height=\"34\" srcset=\"https:\/\/swisspeddose.ch\/app\/uploads\/2017\/11\/luks-300x72.png 300w, https:\/\/swisspeddose.ch\/app\/uploads\/2017\/11\/luks-285x68.png 285w, https:\/\/swisspeddose.ch\/app\/uploads\/2017\/11\/luks.png 459w\" sizes=\"(max-width: 142px) 100vw, 142px\" \/><\/a><a href=\"https:\/\/www.kispisg.ch\/de\"><img decoding=\"async\" loading=\"lazy\" class=\"wp-image-1089 alignnone\" src=\"https:\/\/swisspeddose.ch\/app\/uploads\/2018\/12\/Ostschweizer_Kinderspital.jpg\" alt=\"\" width=\"88\" height=\"38\" \/><\/a><a href=\"https:\/\/swisspeddose.ch\/home\/kinderspital_zuerich\/\"><img decoding=\"async\" loading=\"lazy\" class=\"alignnone wp-image-1091\" src=\"https:\/\/swisspeddose.ch\/app\/uploads\/2018\/12\/Kinderspital_Z\u00fcrich-300x99.jpg\" alt=\"\" width=\"124\" height=\"41\" srcset=\"https:\/\/swisspeddose.ch\/app\/uploads\/2018\/12\/Kinderspital_Z\u00fcrich-300x99.jpg 300w, https:\/\/swisspeddose.ch\/app\/uploads\/2018\/12\/Kinderspital_Z\u00fcrich-470x155.jpg 470w, https:\/\/swisspeddose.ch\/app\/uploads\/2018\/12\/Kinderspital_Z\u00fcrich-285x94.jpg 285w, https:\/\/swisspeddose.ch\/app\/uploads\/2018\/12\/Kinderspital_Z\u00fcrich.jpg 520w\" sizes=\"(max-width: 124px) 100vw, 124px\" \/><\/a><a href=\"https:\/\/www.neonet.ch\" rel=\"noopener\"><img decoding=\"async\" loading=\"lazy\" class=\"alignnone wp-image-2393\" src=\"https:\/\/swisspeddose.ch\/app\/uploads\/2022\/06\/SGN.png\" alt=\"\" width=\"153\" height=\"45\" srcset=\"https:\/\/swisspeddose.ch\/app\/uploads\/2022\/06\/SGN.png 390w, https:\/\/swisspeddose.ch\/app\/uploads\/2022\/06\/SGN-300x88.png 300w, https:\/\/swisspeddose.ch\/app\/uploads\/2022\/06\/SGN-285x84.png 285w\" sizes=\"(max-width: 153px) 100vw, 153px\" \/><\/a><\/p>\n","protected":false},"excerpt":{"rendered":"<p>SwissPedDose a pour objectif d&#8217;am\u00e9liorer la s\u00e9curit\u00e9 de l&#8217;utilisation des m\u00e9dicaments chez les enfants et les nouveau-n\u00e9s. Les professionnels de la sant\u00e9 dans le secteur p\u00e9diatrique ont acc\u00e8s \u00e0 des recommandations de dosage qui ont \u00e9t\u00e9 d\u00e9velopp\u00e9es dans le cadre d\u2019un processus d\u2019harmonisation standardis\u00e9 en Suisse. Association L&#8217;association SwissPedDose a \u00e9t\u00e9 fond\u00e9e par les huit [&hellip;]<\/p>\n","protected":false},"author":1,"featured_media":0,"parent":0,"menu_order":0,"comment_status":"closed","ping_status":"closed","template":"","meta":[],"acf":[],"_links":{"self":[{"href":"https:\/\/swisspeddose.ch\/fr\/wp-json\/wp\/v2\/pages\/144"}],"collection":[{"href":"https:\/\/swisspeddose.ch\/fr\/wp-json\/wp\/v2\/pages"}],"about":[{"href":"https:\/\/swisspeddose.ch\/fr\/wp-json\/wp\/v2\/types\/page"}],"author":[{"embeddable":true,"href":"https:\/\/swisspeddose.ch\/fr\/wp-json\/wp\/v2\/users\/1"}],"replies":[{"embeddable":true,"href":"https:\/\/swisspeddose.ch\/fr\/wp-json\/wp\/v2\/comments?post=144"}],"version-history":[{"count":33,"href":"https:\/\/swisspeddose.ch\/fr\/wp-json\/wp\/v2\/pages\/144\/revisions"}],"predecessor-version":[{"id":3310,"href":"https:\/\/swisspeddose.ch\/fr\/wp-json\/wp\/v2\/pages\/144\/revisions\/3310"}],"wp:attachment":[{"href":"https:\/\/swisspeddose.ch\/fr\/wp-json\/wp\/v2\/media?parent=144"}],"curies":[{"name":"wp","href":"https:\/\/api.w.org\/{rel}","templated":true}]}}