{"id":1167,"date":"2018-12-28T17:03:11","date_gmt":"2018-12-28T16:03:11","guid":{"rendered":"https:\/\/swisspeddose.ch\/geschichte\/"},"modified":"2025-12-16T07:45:27","modified_gmt":"2025-12-16T06:45:27","slug":"histoire","status":"publish","type":"page","link":"https:\/\/swisspeddose.ch\/fr\/histoire\/","title":{"rendered":"Histoire"},"content":{"rendered":"<h3><strong>Appel d\u2019offres pour l\u2019exploitation par l<\/strong><strong>\u2019Office f\u00e9d\u00e9ral de la sant\u00e9 publique (<\/strong><strong>OFSP)<\/strong><\/h3>\n<p>Le projet pilote a d\u00e9bouch\u00e9 sur un contrat d\u2019exploitation de la base de donn\u00e9es nationale de posologie p\u00e9diatrique. En ao\u00fbt 2017, l\u2019Office f\u00e9d\u00e9ral de la sant\u00e9 publique (OFSP) a lanc\u00e9 un appel d\u2019offres pour l\u2019exploitation de la base de donn\u00e9es nationale.<\/p>\n<h3><strong>Fondation de l\u2019association SwissPedDose<\/strong><\/h3>\n<p>Les institutions impliqu\u00e9es dans le projet pilote (GSASA, p\u00e9diatrie suisse et les huit cliniques p\u00e9diatriques du Coll\u00e8ge A) ont alors uni leurs forces en mai 2017 pour former l\u2019association SwissPedDose (<a href=\"https:\/\/swisspeddose.ch\/app\/uploads\/2017\/11\/Vereinsstatuten_mit-Unterschrift_ohne_GR.pdf\">statuts<\/a>). L\u2019association est inscrite au registre du commerce du canton de Zurich (<a href=\"https:\/\/zh.chregister.ch\/cr-portal\/auszug\/auszug.xhtml?uid=CHE-454.743.475\">CHE-454.743.475<\/a>).<\/p>\n<p>Avec la fondation de l\u2019association, les principaux acteurs suisses dans ce domaine ont d\u00e9montr\u00e9 leur intention de jouer un r\u00f4le de premier plan dans le processus d\u2019harmonisation des dosages des m\u00e9dicaments p\u00e9diatriques. La cr\u00e9ation de l\u2019association devrait notamment assurer la participation d\u2019experts et d\u2019expertes des diff\u00e9rentes cliniques p\u00e9diatriques du Coll\u00e8ge A au processus d\u2019harmonisation.<\/p>\n<h3><strong>Attribution du contrat de service \u00e0 l\u2019association<\/strong><\/h3>\n<p>En septembre 2017, l\u2019Office f\u00e9d\u00e9ral de la sant\u00e9 publique (OFSP) a attribu\u00e9 le contrat de service \u00e0 l\u2019association SwissPedDose. D&#8217;avril 2018 \u00e0 d\u00e9cembre 2025, l&#8217;association a g\u00e9r\u00e9 la base de donn\u00e9es nationale sur le dosage des m\u00e9dicaments chez les enfants pour le compte de l&#8217;OFSP.<\/p>\n<h3><strong>Suspension du financement par l&#8217;OFSP<\/strong><\/h3>\n<p>Fin f\u00e9vrier 2025, l&#8217;OFSP a annonc\u00e9 que le soutien financier accord\u00e9 \u00e0 la base de donn\u00e9es sur les posologies p\u00e9diatriques SwissPedDose (sur la base de l&#8217;article 67a de la loi sur les produits th\u00e9rapeutiques) devait prendre fin \u00e0 la fin de l&#8217;ann\u00e9e 2025, apr\u00e8s huit ans, pour des raisons d&#8217;\u00e9conomie. Les membres de l&#8217;association SwissPedDose ont d\u00e9cid\u00e9 de continuer \u00e0 exploiter la base de donn\u00e9es de mani\u00e8re ind\u00e9pendante.<\/p>\n","protected":false},"excerpt":{"rendered":"<p>Appel d\u2019offres pour l\u2019exploitation par l\u2019Office f\u00e9d\u00e9ral de la sant\u00e9 publique (OFSP) Le projet pilote a d\u00e9bouch\u00e9 sur un contrat d\u2019exploitation de la base de donn\u00e9es nationale de posologie p\u00e9diatrique. En ao\u00fbt 2017, l\u2019Office f\u00e9d\u00e9ral de la sant\u00e9 publique (OFSP) a lanc\u00e9 un appel d\u2019offres pour l\u2019exploitation de la base de donn\u00e9es nationale. Fondation de [&hellip;]<\/p>\n","protected":false},"author":2,"featured_media":0,"parent":0,"menu_order":0,"comment_status":"closed","ping_status":"closed","template":"","meta":[],"acf":[],"_links":{"self":[{"href":"https:\/\/swisspeddose.ch\/fr\/wp-json\/wp\/v2\/pages\/1167"}],"collection":[{"href":"https:\/\/swisspeddose.ch\/fr\/wp-json\/wp\/v2\/pages"}],"about":[{"href":"https:\/\/swisspeddose.ch\/fr\/wp-json\/wp\/v2\/types\/page"}],"author":[{"embeddable":true,"href":"https:\/\/swisspeddose.ch\/fr\/wp-json\/wp\/v2\/users\/2"}],"replies":[{"embeddable":true,"href":"https:\/\/swisspeddose.ch\/fr\/wp-json\/wp\/v2\/comments?post=1167"}],"version-history":[{"count":9,"href":"https:\/\/swisspeddose.ch\/fr\/wp-json\/wp\/v2\/pages\/1167\/revisions"}],"predecessor-version":[{"id":3312,"href":"https:\/\/swisspeddose.ch\/fr\/wp-json\/wp\/v2\/pages\/1167\/revisions\/3312"}],"wp:attachment":[{"href":"https:\/\/swisspeddose.ch\/fr\/wp-json\/wp\/v2\/media?parent=1167"}],"curies":[{"name":"wp","href":"https:\/\/api.w.org\/{rel}","templated":true}]}}