{"id":1143,"date":"2018-12-28T18:09:02","date_gmt":"2018-12-28T17:09:02","guid":{"rendered":"https:\/\/swisspeddose.ch\/?page_id=1143"},"modified":"2025-08-26T14:01:01","modified_gmt":"2025-08-26T12:01:01","slug":"expertes","status":"publish","type":"page","link":"https:\/\/swisspeddose.ch\/fr\/expertes\/","title":{"rendered":"Expertes et experts"},"content":{"rendered":"<h2 class=\"page-title\">Expertes et experts en harmonisation<\/h2>\n<h3>Infectiologie<\/h3>\n<table>\n<tbody>\n<tr>\n<th>Dr. Pierre-Alex Crisinel<\/th>\n<td>Centre hospitalier universitaire vaudois (CHUV)<\/td>\n<\/tr>\n<tr>\n<th>Dr. Arnaud L&#8217;Huillier<\/th>\n<td>H\u00f4pitaux Universitaires de Gen\u00e8ve (HUG)<\/td>\n<\/tr>\n<tr>\n<th>Prof. Dr. Christoph Aebi<\/th>\n<td>H\u00f4pital de l&#8217;Ile de Berne (Insel)<\/td>\n<\/tr>\n<tr>\n<th>Dr. Sara Bernhard-Stirnemann<\/th>\n<td>H\u00f4pital cantonal d&#8217;Aarau (KSA)<\/td>\n<\/tr>\n<tr>\n<th>Prof. Dr. Christoph Berger<\/th>\n<td>H\u00f4pital universitaire p\u00e9diatrique de Zurich (Kispi ZH)<\/td>\n<\/tr>\n<tr>\n<th>Dr. Michael B\u00fcttcher<\/th>\n<td>H\u00f4pital cantonal de Lucerne (LUKS)<\/td>\n<\/tr>\n<tr>\n<th>Dr. Christian Kahlert<\/th>\n<td>H\u00f4pital p\u00e9diatrique de Suisse orientale \u00e0 Saint-Gall (Kispi SG)<\/td>\n<\/tr>\n<tr>\n<th>Prof. Dr. Ulrich Heininger<\/th>\n<td>H\u00f4pital p\u00e9diatrique universitaire des deux B\u00e2le (UKBB)<\/td>\n<\/tr>\n<\/tbody>\n<\/table>\n<h3>N\u00e9onatalogie<\/h3>\n<table>\n<tbody>\n<tr>\n<th>PD Dr. Eric Giannoni<\/th>\n<td>Centre hospitalier universitaire vaudois (CHUV)<\/td>\n<\/tr>\n<tr>\n<th>Prof. Dr. Riccardo Pfister<\/th>\n<td>H\u00f4pitaux Universitaires de Gen\u00e8ve (HUG)<\/td>\n<\/tr>\n<tr>\n<th>Jane McDougall<\/th>\n<td>H\u00f4pital de l&#8217;Ile de Berne (Insel)<\/td>\n<\/tr>\n<tr>\n<th>KD Dr. Philipp Meyer<\/th>\n<td>H\u00f4pital cantonal d&#8217;Aarau (KSA)<\/td>\n<\/tr>\n<tr>\n<th>PD Dr. Cornelia Hagmann<\/th>\n<td>H\u00f4pital p\u00e9diatrique de Zurich (Kispi ZH)<\/td>\n<\/tr>\n<tr>\n<th>Dr. Sebastian B\u00f6hm<\/th>\n<td>H\u00f4pital p\u00e9diatrique de Suisse orientale \u00e0 Saint-Gall (Kispi SG)<\/td>\n<\/tr>\n<tr>\n<th>Dr. Matteo Fontana<\/th>\n<td>H\u00f4pital cantonal de Lucerne (LUKS)<\/td>\n<\/tr>\n<tr>\n<th>Dr. Isabelle Pramana<\/th>\n<td>H\u00f4pital p\u00e9diatrique universitaire des deux B\u00e2le (UKBB)<\/td>\n<\/tr>\n<tr>\n<th>Dr. Susanne B\u00f6ttger<\/th>\n<td>H\u00f4pital universitaire de Zurich (UZH)<\/td>\n<\/tr>\n<\/tbody>\n<\/table>\n<h3>P\u00e9diatrie g\u00e9n\u00e9rale<\/h3>\n<table id=\"CM15fb9c126441064ae9c09f5a8\">\n<tbody>\n<tr>\n<th>Dr. Jean-Baptiste Armengaud<\/th>\n<td>Centre hospitalier universitaire vaudois (CHUV)<\/td>\n<\/tr>\n<tr>\n<th>Prof. Dr. Klara Posfay Barbe<\/th>\n<td>H\u00f4pitaux Universitaires de Gen\u00e8ve (HUG)<\/td>\n<\/tr>\n<tr>\n<th>Dr. Andrea Duppenthaler<\/th>\n<td>H\u00f4pital de l&#8217;Ile de Berne (Insel)<\/td>\n<\/tr>\n<tr>\n<th>Prof. Dr. Henrik K\u00f6hler<\/th>\n<td>H\u00f4pital cantonal d&#8217;Aarau (KSA)<\/td>\n<\/tr>\n<tr>\n<th>Dr. Lena Mayer<br \/>\nDr. Milana Dobrovoljac<\/th>\n<td>H\u00f4pital universitaire p\u00e9diatrique de Zurich (Kispi ZH)<\/td>\n<\/tr>\n<tr>\n<th>Dr. Matteo Fontana<\/th>\n<td>H\u00f4pital cantonal de Lucerne (LUKS)<\/td>\n<\/tr>\n<tr>\n<th>Dr. Tamara Guidi<\/th>\n<td>H\u00f4pital p\u00e9diatrique de Suisse orientale \u00e0 Saint-Gall (Kispi SG)<\/td>\n<\/tr>\n<tr>\n<th>Dr. Daniel Beutler<\/th>\n<td>H\u00f4pital p\u00e9diatrique universitaire des deux B\u00e2le (UKBB)<\/td>\n<\/tr>\n<\/tbody>\n<\/table>\n<h3>Anesth\u00e9sie (temporaire)<\/h3>\n<table>\n<tbody>\n<tr>\n<th>Dr. Martin H\u00f6lzle<\/th>\n<td>H\u00f4pital cantonal de Lucerne (LUKS)<\/td>\n<\/tr>\n<tr>\n<th>Dr. Andreas Zutter<\/th>\n<td>H\u00f4pital p\u00e9diatrique universitaire des deux B\u00e2le (UKBB)<\/td>\n<\/tr>\n<tr>\n<th>Dr. Melanie Fr\u00fchauf<\/th>\n<td>H\u00f4pital universitaire p\u00e9diatrique de Zurich (Kispi ZH)<\/td>\n<\/tr>\n<tr>\n<th>Dr. Thomas Riva<\/th>\n<td>H\u00f4pital de l&#8217;Ile de Berne (Insel)<\/td>\n<\/tr>\n<tr>\n<th>Dr. Markus Oberhauser<\/th>\n<td>H\u00f4pital p\u00e9diatrique de Suisse orientale \u00e0 Saint-Gall (Kispi SG)<\/td>\n<\/tr>\n<tr>\n<th>Dr. Reto Basciana<\/th>\n<td>H\u00f4pital cantonal d&#8217;Aarau (KSA)<\/td>\n<\/tr>\n<tr>\n<th>Dr. Mirko Dolci<\/th>\n<td>Centre hospitalier universitaire vaudois (CHUV)<\/td>\n<\/tr>\n<tr>\n<th>Dr. Chantal Cripe-Mamie<\/th>\n<td>H\u00f4pitaux Universitaires de Gen\u00e8ve (HUG)<\/td>\n<\/tr>\n<\/tbody>\n<\/table>\n<h3>M\u00e9decine intensive (temporaire)<\/h3>\n<table>\n<tbody>\n<tr>\n<th>Dr. Matteo Fontana<\/th>\n<td>H\u00f4pital cantonal de Lucerne (LUKS)<\/td>\n<\/tr>\n<tr>\n<th>Prof. Dr. J\u00fcrg Hammer<\/th>\n<td>H\u00f4pital p\u00e9diatrique universitaire des deux B\u00e2le (UKBB)<\/td>\n<\/tr>\n<tr>\n<th>Dr. Anke Meinhold<\/th>\n<td>H\u00f4pital universitaire p\u00e9diatrique de Zurich (Kispi ZH)<\/td>\n<\/tr>\n<tr>\n<th>Prof. Dr. Tilman Humpl<\/th>\n<td>H\u00f4pital de l&#8217;Ile de Berne (Insel)<\/td>\n<\/tr>\n<tr>\n<th>Dr. Sebastian B\u00f6hm<\/th>\n<td>H\u00f4pital p\u00e9diatrique de Suisse orientale \u00e0 Saint-Gall (Kispi SG)<\/td>\n<\/tr>\n<tr>\n<th>Dipl. Arzt Patrick Haberstich<\/th>\n<td>H\u00f4pital cantonal d&#8217;Aarau (KSA)<\/td>\n<\/tr>\n<tr>\n<th>Dr. Marie-H\u00e9l\u00e8ne Perez<\/th>\n<td>Centre hospitalier universitaire vaudois (CHUV)<\/td>\n<\/tr>\n<tr>\n<th>Dr. Fabienne Gebistorf<\/th>\n<td>H\u00f4pitaux Universitaires de Gen\u00e8ve (HUG)<\/td>\n<\/tr>\n<\/tbody>\n<\/table>\n<h3>P\u00e9diatrie praticienne \/ pharmacie officine (temporaire)<\/h3>\n<table style=\"height: 178px;\" width=\"997\">\n<tbody>\n<tr>\n<th>Dr. Irmela Heinrichs<\/th>\n<td>P\u00e9diatre praticienne, Association professionnelle de la p\u00e9diatrie ambulatoire<br \/>\n(Suisse al\u00e9manique)<\/td>\n<\/tr>\n<tr>\n<th>Dr. Iso Morger<\/th>\n<td>P\u00e9diatre praticien, p\u00e9diatrie suisse (Suisse al\u00e9manique)<\/td>\n<\/tr>\n<tr>\n<th>Dr. Laure Ziegler<\/th>\n<td>P\u00e9diatre praticienne, p\u00e9diatrie suisse (Suisse romande)<\/td>\n<\/tr>\n<tr>\n<th>Dr. Giovanni Rossetti<\/th>\n<td>P\u00e9diatre praticien, p\u00e9diatrie suisse (Suisse italienne)<\/td>\n<\/tr>\n<tr>\n<th>Corinne Sch\u00fcle<\/th>\n<td>Pharmacienne RPGE, r\u00e9seau des p\u00e9diatres genevois (Suisse romande)<\/td>\n<\/tr>\n<\/tbody>\n<\/table>\n<h3>Psychiatrie de l&#8217;enfant et de l&#8217;adolescent (temporaire)<\/h3>\n<table style=\"height: 317px;\" width=\"781\">\n<tbody>\n<tr>\n<th>Prof. Dr. Susanne Walitza<\/th>\n<td>Clinique psychiatrique universitaire de Zurich (PUK)<\/td>\n<\/tr>\n<tr>\n<th>Dr. Phaedra Lehmann Scarponi<\/th>\n<td>H\u00f4pital universitaire p\u00e9diatrique de Zurich (Kispi ZH)<\/td>\n<\/tr>\n<tr>\n<th>Dr. Christoph Hamann<\/th>\n<td>H\u00f4pital de l&#8217;Ile de Berne (Insel)<\/td>\n<\/tr>\n<tr>\n<th>Dr. Thomas Haustein<\/th>\n<td>Centre hospitalier universitaire vaudois (CHUV)<\/td>\n<\/tr>\n<tr>\n<th>Dr. Nathalie Nanzer<\/th>\n<td>H\u00f4pitaux Universitaires de Gen\u00e8ve (HUG)<\/td>\n<\/tr>\n<tr>\n<th>PD Dr. Evelyn Herbrecht<\/th>\n<td>Cliniques psychiatriques universitaires de B\u00e2le (UPK)<\/td>\n<\/tr>\n<tr>\n<th>Prof. Dr. Michael Kaess<\/th>\n<td>Services psychiatriques universitaires de Berne (SPU)<\/td>\n<\/tr>\n<\/tbody>\n<\/table>\n<h3>Neurop\u00e9diatrie (temporaire)<\/h3>\n<table style=\"height: 241px;\" width=\"845\">\n<tbody>\n<tr>\n<th>PD Dr. Sandra Bigi<\/th>\n<td>H\u00f4pital cantonal de Lucerne (LUKS)<\/td>\n<\/tr>\n<tr>\n<th>Dr. Sarah Elisabeth B\u00fcrki<\/th>\n<td>H\u00f4pital p\u00e9diatrique universitaire des deux B\u00e2le (UKBB)<\/td>\n<\/tr>\n<tr>\n<th>Dr. Annette Hackenberg<\/th>\n<td>H\u00f4pital universitaire p\u00e9diatrique de Zurich (Kispi ZH)<\/td>\n<\/tr>\n<tr>\n<th>Dr. Gabriela Oesch Nemeth<\/th>\n<td>H\u00f4pital de l&#8217;Ile de Berne (Insel)<\/td>\n<\/tr>\n<tr>\n<th>Dr. Oliver Maier<\/th>\n<td>H\u00f4pital p\u00e9diatrique de Suisse orientale \u00e0 Saint-Gall (Kispi SG)<\/td>\n<\/tr>\n<tr>\n<th>Dr. Andrea Capone<\/th>\n<td>H\u00f4pital cantonal d&#8217;Aarau (KSA)<\/td>\n<\/tr>\n<tr>\n<th>Dr. S\u00e9bastien Lebon<\/th>\n<td>Centre hospitalier universitaire vaudois (CHUV)<\/td>\n<\/tr>\n<tr>\n<th>Prof. Dr. Christian Korff<\/th>\n<td>H\u00f4pitaux Universitaires de Gen\u00e8ve (HUG)<\/td>\n<\/tr>\n<\/tbody>\n<\/table>\n<h2 class=\"page-title\">Expertes et experts en donn\u00e9es<\/h2>\n<table>\n<tbody>\n<tr>\n<th>Dr. Ermindo Di Paolo<br \/>\nDr. David Palmero<\/th>\n<td>Centre hospitalier universitaire vaudois (CHUV)<\/td>\n<\/tr>\n<tr>\n<th>Dr. Caroline Fonzo-Christe<\/th>\n<td>H\u00f4pitaux Universitaires de Gen\u00e8ve (HUG)<\/td>\n<\/tr>\n<tr>\n<th>Roswitha Halder<\/th>\n<td>H\u00f4pital de l&#8217;Ile de Berne (Insel)<\/td>\n<\/tr>\n<tr>\n<th>Claudia Zaugg<\/th>\n<td>H\u00f4pital cantonal d&#8217;Aarau (KSA)<\/td>\n<\/tr>\n<tr>\n<th>Miriam Pfiffner<\/th>\n<td>H\u00f4pital universitaire p\u00e9diatrique de Zurich (Kispi ZH)<\/td>\n<\/tr>\n<tr>\n<th>Johannes Rogger<\/th>\n<td>H\u00f4pital cantonal de Lucerne (LUKS)<\/td>\n<\/tr>\n<tr>\n<th>Barbara Wohlwend<\/th>\n<td>H\u00f4pital p\u00e9diatrique de Suisse orientale \u00e0 Saint-Gall (Kispi SG)<\/td>\n<\/tr>\n<tr>\n<th>Dr. Verena Gotta<\/th>\n<td>H\u00f4pital p\u00e9diatrique universitaire des deux B\u00e2le (UKBB)<\/td>\n<\/tr>\n<\/tbody>\n<\/table>\n<h2><strong>Collaboration avec SwissPedNet<\/strong><\/h2>\n<h3><strong>Sciences pharmaceutiques cliniques<\/strong><\/h3>\n<table style=\"height: 54px;\" width=\"930\">\n<tbody>\n<tr>\n<td>Prof. Dr. Chantal Csajka<\/td>\n<td>Universit\u00e9 de Lausanne (UNIL)<br \/>\nCentre hospitalier universitaire vaudois (CHUV)<\/td>\n<\/tr>\n<\/tbody>\n<\/table>\n<h3><strong><em>SwissPK<\/em><\/strong><strong><sup>cdw<\/sup><\/strong><\/h3>\n<table width=\"0\">\n<tbody>\n<tr>\n<td width=\"331\">Dr. Paolo Paioni<\/td>\n<td width=\"576\">H\u00f4pital universitaire p\u00e9diatrique de Zurich (Kispi ZH)<\/td>\n<\/tr>\n<\/tbody>\n<\/table>\n<h3><strong>SwissPedPha<\/strong><\/h3>\n<table width=\"0\">\n<tbody>\n<tr>\n<td width=\"331\">Prof. Dr. Marc Pfister<br \/>\nDr. Verena Gotta<\/td>\n<td width=\"576\">H\u00f4pital universitaire p\u00e9diatrique des deux B\u00e2le (UKBB)<\/td>\n<\/tr>\n<\/tbody>\n<\/table>\n","protected":false},"excerpt":{"rendered":"<p>Expertes et experts en harmonisation Infectiologie Dr. Pierre-Alex Crisinel Centre hospitalier universitaire vaudois (CHUV) Dr. Arnaud L&#8217;Huillier H\u00f4pitaux Universitaires de Gen\u00e8ve (HUG) Prof. Dr. Christoph Aebi H\u00f4pital de l&#8217;Ile de Berne (Insel) Dr. Sara Bernhard-Stirnemann H\u00f4pital cantonal d&#8217;Aarau (KSA) Prof. Dr. Christoph Berger H\u00f4pital universitaire p\u00e9diatrique de Zurich (Kispi ZH) Dr. Michael B\u00fcttcher H\u00f4pital cantonal [&hellip;]<\/p>\n","protected":false},"author":2,"featured_media":0,"parent":0,"menu_order":0,"comment_status":"closed","ping_status":"closed","template":"","meta":[],"acf":[],"_links":{"self":[{"href":"https:\/\/swisspeddose.ch\/fr\/wp-json\/wp\/v2\/pages\/1143"}],"collection":[{"href":"https:\/\/swisspeddose.ch\/fr\/wp-json\/wp\/v2\/pages"}],"about":[{"href":"https:\/\/swisspeddose.ch\/fr\/wp-json\/wp\/v2\/types\/page"}],"author":[{"embeddable":true,"href":"https:\/\/swisspeddose.ch\/fr\/wp-json\/wp\/v2\/users\/2"}],"replies":[{"embeddable":true,"href":"https:\/\/swisspeddose.ch\/fr\/wp-json\/wp\/v2\/comments?post=1143"}],"version-history":[{"count":62,"href":"https:\/\/swisspeddose.ch\/fr\/wp-json\/wp\/v2\/pages\/1143\/revisions"}],"predecessor-version":[{"id":3226,"href":"https:\/\/swisspeddose.ch\/fr\/wp-json\/wp\/v2\/pages\/1143\/revisions\/3226"}],"wp:attachment":[{"href":"https:\/\/swisspeddose.ch\/fr\/wp-json\/wp\/v2\/media?parent=1143"}],"curies":[{"name":"wp","href":"https:\/\/api.w.org\/{rel}","templated":true}]}}