{"id":107,"date":"2017-11-13T12:09:26","date_gmt":"2017-11-13T12:09:26","guid":{"rendered":"https:\/\/swisspeddose.ch\/?page_id=107"},"modified":"2025-08-08T19:00:47","modified_gmt":"2025-08-08T17:00:47","slug":"personnes","status":"publish","type":"page","link":"https:\/\/swisspeddose.ch\/fr\/association\/personnes\/","title":{"rendered":"Personnes"},"content":{"rendered":"<h2>Pr\u00e9sident du Comit\u00e9<img decoding=\"async\" loading=\"lazy\" class=\" wp-image-2225 alignright\" src=\"https:\/\/swisspeddose.ch\/app\/uploads\/2022\/06\/christoph-berger-1024x681.jpg\" alt=\"\" width=\"275\" height=\"183\" srcset=\"https:\/\/swisspeddose.ch\/app\/uploads\/2022\/06\/christoph-berger-1024x681.jpg 1024w, https:\/\/swisspeddose.ch\/app\/uploads\/2022\/06\/christoph-berger-300x200.jpg 300w, https:\/\/swisspeddose.ch\/app\/uploads\/2022\/06\/christoph-berger-768x511.jpg 768w, https:\/\/swisspeddose.ch\/app\/uploads\/2022\/06\/christoph-berger-1536x1022.jpg 1536w, https:\/\/swisspeddose.ch\/app\/uploads\/2022\/06\/christoph-berger-2048x1363.jpg 2048w, https:\/\/swisspeddose.ch\/app\/uploads\/2022\/06\/christoph-berger-470x313.jpg 470w, https:\/\/swisspeddose.ch\/app\/uploads\/2022\/06\/christoph-berger-1295x862.jpg 1295w, https:\/\/swisspeddose.ch\/app\/uploads\/2022\/06\/christoph-berger-285x190.jpg 285w\" sizes=\"(max-width: 275px) 100vw, 275px\" \/><\/h2>\n<p><strong>Christoph Berger, Prof. Dr. med.<\/strong><br \/>\nChef de l&#8217;infectiologie<br \/>\nH\u00f4pital universitaire pour enfants de Zurich<br \/>\n<a href=\"mailto:info@swisspeddose.ch\">info@swisspeddose.ch<\/a><\/p>\n<p>&nbsp;<\/p>\n<h2>Direction<img decoding=\"async\" loading=\"lazy\" class=\"alignright wp-image-2233\" src=\"https:\/\/swisspeddose.ch\/app\/uploads\/2022\/06\/elisabeth-giger-300x200.jpg\" alt=\"\" width=\"275\" height=\"183\" srcset=\"https:\/\/swisspeddose.ch\/app\/uploads\/2022\/06\/elisabeth-giger-300x200.jpg 300w, https:\/\/swisspeddose.ch\/app\/uploads\/2022\/06\/elisabeth-giger-1024x681.jpg 1024w, https:\/\/swisspeddose.ch\/app\/uploads\/2022\/06\/elisabeth-giger-768x511.jpg 768w, https:\/\/swisspeddose.ch\/app\/uploads\/2022\/06\/elisabeth-giger-1536x1022.jpg 1536w, https:\/\/swisspeddose.ch\/app\/uploads\/2022\/06\/elisabeth-giger-2048x1363.jpg 2048w, https:\/\/swisspeddose.ch\/app\/uploads\/2022\/06\/elisabeth-giger-470x313.jpg 470w, https:\/\/swisspeddose.ch\/app\/uploads\/2022\/06\/elisabeth-giger-1295x862.jpg 1295w, https:\/\/swisspeddose.ch\/app\/uploads\/2022\/06\/elisabeth-giger-285x190.jpg 285w\" sizes=\"(max-width: 275px) 100vw, 275px\" \/><\/h2>\n<p><strong>Elisabeth Giger, Dr.\u00a0sc. ETH<\/strong><br \/>\nPharmacienne<br \/>\n<a href=\"mailto:elisabeth.giger@swisspeddose.ch\">elisabeth.giger@swisspeddose.ch<\/a><\/p>\n<p>&nbsp;<\/p>\n<h2>Secr\u00e9tariat<img decoding=\"async\" loading=\"lazy\" class=\" wp-image-2245 alignright\" src=\"https:\/\/swisspeddose.ch\/app\/uploads\/2022\/06\/barbara-schaub-tobler-1024x681.jpg\" alt=\"\" width=\"275\" height=\"183\" srcset=\"https:\/\/swisspeddose.ch\/app\/uploads\/2022\/06\/barbara-schaub-tobler-1024x681.jpg 1024w, https:\/\/swisspeddose.ch\/app\/uploads\/2022\/06\/barbara-schaub-tobler-300x200.jpg 300w, https:\/\/swisspeddose.ch\/app\/uploads\/2022\/06\/barbara-schaub-tobler-768x511.jpg 768w, https:\/\/swisspeddose.ch\/app\/uploads\/2022\/06\/barbara-schaub-tobler-1536x1022.jpg 1536w, https:\/\/swisspeddose.ch\/app\/uploads\/2022\/06\/barbara-schaub-tobler-2048x1363.jpg 2048w, https:\/\/swisspeddose.ch\/app\/uploads\/2022\/06\/barbara-schaub-tobler-470x313.jpg 470w, https:\/\/swisspeddose.ch\/app\/uploads\/2022\/06\/barbara-schaub-tobler-1295x862.jpg 1295w, https:\/\/swisspeddose.ch\/app\/uploads\/2022\/06\/barbara-schaub-tobler-285x190.jpg 285w\" sizes=\"(max-width: 275px) 100vw, 275px\" \/><\/h2>\n<p><strong>Barbara Schaub<br \/>\n<\/strong>Secr\u00e9taire<br \/>\n<a href=\"mailto:barbara.schaub@swisspeddose.ch\">barbara.schaub@swisspeddose.ch<\/a><\/p>\n<p>&nbsp;<\/p>\n<h2 class=\"page-title\">Sp\u00e9cialiste en harmonisation<img decoding=\"async\" loading=\"lazy\" class=\"alignright wp-image-3050\" src=\"https:\/\/swisspeddose.ch\/app\/uploads\/2024\/05\/vj_6076-300x200.jpg\" alt=\"\" width=\"275\" height=\"183\" srcset=\"https:\/\/swisspeddose.ch\/app\/uploads\/2024\/05\/vj_6076-300x200.jpg 300w, https:\/\/swisspeddose.ch\/app\/uploads\/2024\/05\/vj_6076-1024x681.jpg 1024w, https:\/\/swisspeddose.ch\/app\/uploads\/2024\/05\/vj_6076-768x511.jpg 768w, https:\/\/swisspeddose.ch\/app\/uploads\/2024\/05\/vj_6076-1536x1022.jpg 1536w, https:\/\/swisspeddose.ch\/app\/uploads\/2024\/05\/vj_6076-2048x1363.jpg 2048w, https:\/\/swisspeddose.ch\/app\/uploads\/2024\/05\/vj_6076-470x313.jpg 470w, https:\/\/swisspeddose.ch\/app\/uploads\/2024\/05\/vj_6076-1295x862.jpg 1295w, https:\/\/swisspeddose.ch\/app\/uploads\/2024\/05\/vj_6076-285x190.jpg 285w\" sizes=\"(max-width: 275px) 100vw, 275px\" \/><\/h2>\n<p><strong>Nadia Remund, MSc ETH Pharm. Wiss.<\/strong><br \/>\nPharmacienne<br \/>\nCAS in Pharmaceutical Medicine<br \/>\n<a href=\"mailto:nadia.remund@swisspeddose.ch\">nadia.remund@swisspeddose.ch<\/a><\/p>\n<p>&nbsp;<\/p>\n<p>&nbsp;<\/p>\n<h2>Membres du Comit\u00e9<\/h2>\n<h3>Repr\u00e9sentation SSP<\/h3>\n<p><strong>Christoph Aebi, Prof. Dr. med.<br \/>\n<\/strong>Sp\u00e9cialiste p\u00e9diatrie et infectiologie<br \/>\nClinique universitaire de p\u00e9diatrie,\u00a0Berne<br \/>\n<a href=\"mailto:christoph.aebi@insel.ch\">christoph.aebi@insel.ch<\/a><\/p>\n<h3>Repr\u00e9sentation Coll\u00e8ge A<\/h3>\n<p><strong>Klara Posfay-Barbe, Prof. Dr. med.<\/strong><br \/>\nM\u00e9decin-cheffe de Service<br \/>\nH\u00f4pitaux Universitaires Gen\u00e9ve<br \/>\n<a href=\"mailto:klara.posfaybarbe@hcuge.ch\">klara.posfaybarbe@hcuge.ch<\/a><\/p>\n<h3>Repr\u00e9sentation N\u00e9onatologie (SSN)<\/h3>\n<p><strong>Eric Giannoni, PD Dr.\u00a0med.<\/strong><br \/>\nM\u00e9decin-associ\u00e9<br \/>\nCentre hospitalier universitaire voudois<br \/>\n<a href=\"mailto:enea.martinelli@spitalfmi.ch\">eric.giannoni@chuv.ch<\/a><\/p>\n<h3>Repr\u00e9sentation GSASA<\/h3>\n<p><strong>Jochen Mack, Dr. phil. nat.<\/strong><br \/>\nPharmacien en chef<br \/>\nGZO AG H\u00f4pital Wetzikon<br \/>\n<a href=\"mailto:jochen.mack@gzo.ch\">jochen.mack@gzo.ch<\/a><\/p>\n<h3>Repr\u00e9sentation Coll\u00e8ge A<\/h3>\n<p><strong>Henrik K\u00f6hler, Prof. Dr. med., MHBA<\/strong><br \/>\nDirecteur m\u00e9dical et directeur de clinique<br \/>\nH\u00f4pital cantonal d&#8217;Aarau, clinique pour enfants et adolescents<br \/>\n<a href=\"mailto:henrik.koehler@ksa.ch\">henrik.koehler@ksa.ch<\/a><\/p>\n<p>&nbsp;<\/p>\n","protected":false},"excerpt":{"rendered":"<p>Pr\u00e9sident du Comit\u00e9 Christoph Berger, Prof. Dr. med. Chef de l&#8217;infectiologie H\u00f4pital universitaire pour enfants de Zurich info@swisspeddose.ch &nbsp; Direction Elisabeth Giger, Dr.\u00a0sc. ETH Pharmacienne elisabeth.giger@swisspeddose.ch &nbsp; Secr\u00e9tariat Barbara Schaub Secr\u00e9taire barbara.schaub@swisspeddose.ch &nbsp; Sp\u00e9cialiste en harmonisation Nadia Remund, MSc ETH Pharm. Wiss. Pharmacienne CAS in Pharmaceutical Medicine nadia.remund@swisspeddose.ch &nbsp; &nbsp; Membres du Comit\u00e9 Repr\u00e9sentation SSP [&hellip;]<\/p>\n","protected":false},"author":1,"featured_media":0,"parent":105,"menu_order":0,"comment_status":"closed","ping_status":"closed","template":"","meta":[],"acf":[],"_links":{"self":[{"href":"https:\/\/swisspeddose.ch\/fr\/wp-json\/wp\/v2\/pages\/107"}],"collection":[{"href":"https:\/\/swisspeddose.ch\/fr\/wp-json\/wp\/v2\/pages"}],"about":[{"href":"https:\/\/swisspeddose.ch\/fr\/wp-json\/wp\/v2\/types\/page"}],"author":[{"embeddable":true,"href":"https:\/\/swisspeddose.ch\/fr\/wp-json\/wp\/v2\/users\/1"}],"replies":[{"embeddable":true,"href":"https:\/\/swisspeddose.ch\/fr\/wp-json\/wp\/v2\/comments?post=107"}],"version-history":[{"count":65,"href":"https:\/\/swisspeddose.ch\/fr\/wp-json\/wp\/v2\/pages\/107\/revisions"}],"predecessor-version":[{"id":3222,"href":"https:\/\/swisspeddose.ch\/fr\/wp-json\/wp\/v2\/pages\/107\/revisions\/3222"}],"up":[{"embeddable":true,"href":"https:\/\/swisspeddose.ch\/fr\/wp-json\/wp\/v2\/pages\/105"}],"wp:attachment":[{"href":"https:\/\/swisspeddose.ch\/fr\/wp-json\/wp\/v2\/media?parent=107"}],"curies":[{"name":"wp","href":"https:\/\/api.w.org\/{rel}","templated":true}]}}