{"id":105,"date":"2017-11-13T12:09:03","date_gmt":"2017-11-13T11:09:03","guid":{"rendered":"https:\/\/swisspeddose.ch\/?page_id=105"},"modified":"2025-12-16T07:42:40","modified_gmt":"2025-12-16T06:42:40","slug":"association","status":"publish","type":"page","link":"https:\/\/swisspeddose.ch\/fr\/association\/","title":{"rendered":"Association"},"content":{"rendered":"<p>L\u2019association SwissPedDose a \u00e9t\u00e9 fond\u00e9e en mai 2017 par les 8 cliniques p\u00e9diatriques du Coll\u00e8ge A (<a href=\"https:\/\/www.ksa.ch\/\">Aarau<\/a>, <a href=\"https:\/\/www.ukbb.ch\/fr\/\">B\u00e2le<\/a>, <a href=\"https:\/\/www.insel.ch\/fr\/\">Berne<\/a>, <a href=\"https:\/\/www.hug-ge.ch\/\">Gen\u00e8ve<\/a>, <a href=\"https:\/\/www.chuv.ch\/fr\/chuv-home\/\">Lausanne<\/a>, <a href=\"https:\/\/www.luks.ch\/\">Lucerne<\/a>, <a href=\"https:\/\/www.kispisg.ch\/de\">St-Gall<\/a>, <a href=\"https:\/\/www.kispi.uzh.ch\/de\/Seiten\/default.aspx\">Zurich<\/a>) en collaboration avec <a href=\"https:\/\/www.paediatrieschweiz.ch\/fr\/\">p\u00e9diatrie suisse<\/a> et <a href=\"https:\/\/www.gsasa.ch\/fr\/accueil\/?oid=55&amp;lang=fr\">l\u2019Association suisse des pharmaciens de l\u2019administration et des h\u00f4pitaux (GSASA)<\/a>.\u00a0Du 1er avril 2018 au 31 d\u00e9cembre 2025, il a g\u00e9r\u00e9, sure le mandat de l&#8217;Office f\u00e9d\u00e9ral de la sant\u00e9 publique (OFSP), la base de donn\u00e9es nationale contenant les recommandations posologiques pour les m\u00e9dicaments destin\u00e9s aux enfants. Ce financement n&#8217;a pas \u00e9t\u00e9 reconduit en raison des mesures d&#8217;\u00e9conomie prises par la Conf\u00e9d\u00e9ration. \u00c0 partir du 1er janvier 2026, l&#8217;association SwissPedDose g\u00e8re la base de donn\u00e9es \u00e0 ses propres frais et d\u00e9pend des dons.<\/p>\n<h2>Organigramme<\/h2>\n<p><img decoding=\"async\" loading=\"lazy\" class=\"alignnone  wp-image-3301\" src=\"https:\/\/swisspeddose.ch\/app\/uploads\/2025\/12\/Organigramm_2026_FR-300x188.png\" alt=\"\" width=\"1063\" height=\"666\" srcset=\"https:\/\/swisspeddose.ch\/app\/uploads\/2025\/12\/Organigramm_2026_FR-300x188.png 300w, https:\/\/swisspeddose.ch\/app\/uploads\/2025\/12\/Organigramm_2026_FR-1024x643.png 1024w, https:\/\/swisspeddose.ch\/app\/uploads\/2025\/12\/Organigramm_2026_FR-768x482.png 768w, https:\/\/swisspeddose.ch\/app\/uploads\/2025\/12\/Organigramm_2026_FR-470x295.png 470w, https:\/\/swisspeddose.ch\/app\/uploads\/2025\/12\/Organigramm_2026_FR-1295x813.png 1295w, https:\/\/swisspeddose.ch\/app\/uploads\/2025\/12\/Organigramm_2026_FR-285x179.png 285w, https:\/\/swisspeddose.ch\/app\/uploads\/2025\/12\/Organigramm_2026_FR.png 1437w\" sizes=\"(max-width: 1063px) 100vw, 1063px\" \/><\/p>\n<p>&nbsp;<\/p>\n","protected":false},"excerpt":{"rendered":"<p>L\u2019association SwissPedDose a \u00e9t\u00e9 fond\u00e9e en mai 2017 par les 8 cliniques p\u00e9diatriques du Coll\u00e8ge A (Aarau, B\u00e2le, Berne, Gen\u00e8ve, Lausanne, Lucerne, St-Gall, Zurich) en collaboration avec p\u00e9diatrie suisse et l\u2019Association suisse des pharmaciens de l\u2019administration et des h\u00f4pitaux (GSASA).\u00a0Du 1er avril 2018 au 31 d\u00e9cembre 2025, il a g\u00e9r\u00e9, sure le mandat de l&#8217;Office [&hellip;]<\/p>\n","protected":false},"author":1,"featured_media":0,"parent":0,"menu_order":1,"comment_status":"closed","ping_status":"closed","template":"","meta":[],"acf":[],"_links":{"self":[{"href":"https:\/\/swisspeddose.ch\/fr\/wp-json\/wp\/v2\/pages\/105"}],"collection":[{"href":"https:\/\/swisspeddose.ch\/fr\/wp-json\/wp\/v2\/pages"}],"about":[{"href":"https:\/\/swisspeddose.ch\/fr\/wp-json\/wp\/v2\/types\/page"}],"author":[{"embeddable":true,"href":"https:\/\/swisspeddose.ch\/fr\/wp-json\/wp\/v2\/users\/1"}],"replies":[{"embeddable":true,"href":"https:\/\/swisspeddose.ch\/fr\/wp-json\/wp\/v2\/comments?post=105"}],"version-history":[{"count":44,"href":"https:\/\/swisspeddose.ch\/fr\/wp-json\/wp\/v2\/pages\/105\/revisions"}],"predecessor-version":[{"id":3309,"href":"https:\/\/swisspeddose.ch\/fr\/wp-json\/wp\/v2\/pages\/105\/revisions\/3309"}],"wp:attachment":[{"href":"https:\/\/swisspeddose.ch\/fr\/wp-json\/wp\/v2\/media?parent=105"}],"curies":[{"name":"wp","href":"https:\/\/api.w.org\/{rel}","templated":true}]}}